{"id":2,"date":"2024-07-23T11:43:19","date_gmt":"2024-07-23T11:43:19","guid":{"rendered":"https:\/\/santasiturre.rkinformatika.online\/?page_id=2"},"modified":"2024-07-26T07:57:48","modified_gmt":"2024-07-26T07:57:48","slug":"empresa","status":"publish","type":"page","link":"https:\/\/santasiturre.com\/eu\/","title":{"rendered":"Enpresa"},"content":{"rendered":"\t\t<div data-elementor-type=\"wp-page\" data-elementor-id=\"2\" class=\"elementor elementor-2\" data-elementor-post-type=\"page\">\n\t\t\t\t\t\t<section class=\"elementor-section elementor-top-section elementor-element elementor-element-21702f7 elementor-section-boxed elementor-section-height-default elementor-section-height-default\" data-id=\"21702f7\" data-element_type=\"section\" data-e-type=\"section\" data-settings=\"{&quot;background_background&quot;:&quot;classic&quot;}\">\n\t\t\t\t\t\t\t<div class=\"elementor-background-overlay\"><\/div>\n\t\t\t\t\t\t\t<div class=\"elementor-container elementor-column-gap-default\">\n\t\t\t\t\t<div class=\"elementor-column elementor-col-100 elementor-top-column elementor-element elementor-element-4002f32\" data-id=\"4002f32\" data-element_type=\"column\" data-e-type=\"column\">\n\t\t\t<div class=\"elementor-widget-wrap\">\n\t\t\t\t\t\t\t<\/div>\n\t\t<\/div>\n\t\t\t\t\t<\/div>\n\t\t<\/section>\n\t\t<div class=\"elementor-element elementor-element-de64109 elementor-hidden-tablet elementor-hidden-mobile e-flex e-con-boxed e-con e-parent\" data-id=\"de64109\" data-element_type=\"container\" data-e-type=\"container\">\n\t\t\t\t\t<div class=\"e-con-inner\">\n\t\t<div class=\"elementor-element elementor-element-beec4ae e-con-full e-flex e-con e-child\" data-id=\"beec4ae\" data-element_type=\"container\" data-e-type=\"container\">\n\t\t\t\t<div class=\"elementor-element elementor-element-85eaec9 elementor-widget elementor-widget-image\" data-id=\"85eaec9\" data-element_type=\"widget\" data-e-type=\"widget\" data-widget_type=\"image.default\">\n\t\t\t\t<div class=\"elementor-widget-container\">\n\t\t\t\t\t\t\t\t\t\t\t\t\t\t\t<img fetchpriority=\"high\" decoding=\"async\" width=\"2560\" height=\"1758\" src=\"https:\/\/santasiturre.com\/wp-content\/uploads\/2024\/07\/photo-construction-site-engineers-workers-labors-scaled.jpg\" class=\"attachment-full size-full wp-image-214\" alt=\"\" srcset=\"https:\/\/santasiturre.com\/wp-content\/uploads\/2024\/07\/photo-construction-site-engineers-workers-labors-scaled.jpg 2560w, https:\/\/santasiturre.com\/wp-content\/uploads\/2024\/07\/photo-construction-site-engineers-workers-labors-300x206.jpg 300w, https:\/\/santasiturre.com\/wp-content\/uploads\/2024\/07\/photo-construction-site-engineers-workers-labors-1024x703.jpg 1024w, https:\/\/santasiturre.com\/wp-content\/uploads\/2024\/07\/photo-construction-site-engineers-workers-labors-768x527.jpg 768w, https:\/\/santasiturre.com\/wp-content\/uploads\/2024\/07\/photo-construction-site-engineers-workers-labors-1536x1055.jpg 1536w, https:\/\/santasiturre.com\/wp-content\/uploads\/2024\/07\/photo-construction-site-engineers-workers-labors-2048x1406.jpg 2048w, https:\/\/santasiturre.com\/wp-content\/uploads\/2024\/07\/photo-construction-site-engineers-workers-labors-18x12.jpg 18w\" sizes=\"(max-width: 2560px) 100vw, 2560px\" \/>\t\t\t\t\t\t\t\t\t\t\t\t\t\t\t<\/div>\n\t\t\t\t<\/div>\n\t\t\t\t<\/div>\n\t\t<div class=\"elementor-element elementor-element-5327d86 e-con-full e-flex e-con e-child\" data-id=\"5327d86\" data-element_type=\"container\" data-e-type=\"container\">\n\t\t\t\t<div class=\"elementor-element elementor-element-97d4043 elementor-invisible elementor-widget elementor-widget-heading\" data-id=\"97d4043\" data-element_type=\"widget\" data-e-type=\"widget\" data-settings=\"{&quot;_animation&quot;:&quot;fadeIn&quot;,&quot;_animation_delay&quot;:50}\" data-widget_type=\"heading.default\">\n\t\t\t\t<div class=\"elementor-widget-container\">\n\t\t\t\t\t<h2 class=\"elementor-heading-title elementor-size-default\">SANTAS ITURRE<\/h2>\t\t\t\t<\/div>\n\t\t\t\t<\/div>\n\t\t\t\t<div class=\"elementor-element elementor-element-1b30e73 elementor-invisible elementor-widget elementor-widget-heading\" data-id=\"1b30e73\" data-element_type=\"widget\" data-e-type=\"widget\" data-settings=\"{&quot;_animation&quot;:&quot;fadeIn&quot;,&quot;_animation_delay&quot;:100}\" data-widget_type=\"heading.default\">\n\t\t\t\t<div class=\"elementor-widget-container\">\n\t\t\t\t\t<h2 class=\"elementor-heading-title elementor-size-default\">Sobre Nosotros<\/h2>\t\t\t\t<\/div>\n\t\t\t\t<\/div>\n\t\t\t\t<div class=\"elementor-element elementor-element-16e0330 elementor-widget elementor-widget-text-editor\" data-id=\"16e0330\" data-element_type=\"widget\" data-e-type=\"widget\" data-widget_type=\"text-editor.default\">\n\t\t\t\t<div class=\"elementor-widget-container\">\n\t\t\t\t\t\t\t\t\t<div class=\"flex flex-grow flex-col max-w-full\"><div class=\"min-h-[20px] text-message flex w-full flex-col items-end gap-2 whitespace-pre-wrap break-words [.text-message+&amp;]:mt-5 overflow-x-auto\" dir=\"auto\" data-message-author-role=\"assistant\" data-message-id=\"d4ad2bdf-30b4-4e71-9a76-ddc4b06f4b77\"><div class=\"flex w-full flex-col gap-1 empty:hidden first:pt-[3px]\"><div class=\"markdown prose w-full break-words dark:prose-invert dark\"><p>SANTAS ITURRE cuenta con un equipo de t\u00e9cnicos profesionales que poseen una amplia trayectoria de m\u00e1s de 25 a\u00f1os en el mundo de la construcci\u00f3n. Nuestro compromiso es brindar asesoramiento experto a promotores y constructores, garantizando que cada proyecto se gestione con la m\u00e1xima eficiencia y calidad.<\/p><p>Nos esforzamos por optimizar la relaci\u00f3n calidad-precio en cada obra, asegurando que los resultados cumplan con las expectativas m\u00e1s exigentes de nuestros clientes. En SANTAS ITURRE, su satisfacci\u00f3n es nuestra prioridad, y trabajamos de la mano con usted para lograr los mejores resultados en cada proyecto.<\/p><\/div><\/div><\/div><\/div>\t\t\t\t\t\t\t\t<\/div>\n\t\t\t\t<\/div>\n\t\t\t\t<\/div>\n\t\t\t\t\t<\/div>\n\t\t\t\t<\/div>\n\t\t<div class=\"elementor-element elementor-element-d85e598 elementor-hidden-desktop e-flex e-con-boxed e-con e-parent\" data-id=\"d85e598\" data-element_type=\"container\" data-e-type=\"container\">\n\t\t\t\t\t<div class=\"e-con-inner\">\n\t\t\t\t<div class=\"elementor-element elementor-element-589778d elementor-invisible elementor-widget elementor-widget-heading\" data-id=\"589778d\" data-element_type=\"widget\" data-e-type=\"widget\" data-settings=\"{&quot;_animation&quot;:&quot;fadeIn&quot;,&quot;_animation_delay&quot;:50}\" data-widget_type=\"heading.default\">\n\t\t\t\t<div class=\"elementor-widget-container\">\n\t\t\t\t\t<h2 class=\"elementor-heading-title elementor-size-default\">SANTAS ITURRE<\/h2>\t\t\t\t<\/div>\n\t\t\t\t<\/div>\n\t\t\t\t<div class=\"elementor-element elementor-element-9320cb0 elementor-invisible elementor-widget elementor-widget-heading\" data-id=\"9320cb0\" data-element_type=\"widget\" data-e-type=\"widget\" data-settings=\"{&quot;_animation&quot;:&quot;fadeIn&quot;,&quot;_animation_delay&quot;:100}\" data-widget_type=\"heading.default\">\n\t\t\t\t<div class=\"elementor-widget-container\">\n\t\t\t\t\t<h2 class=\"elementor-heading-title elementor-size-default\">Sobre Nosotros<\/h2>\t\t\t\t<\/div>\n\t\t\t\t<\/div>\n\t\t\t\t\t<\/div>\n\t\t\t\t<\/div>\n\t\t<div class=\"elementor-element elementor-element-0147e7f elementor-hidden-desktop e-flex e-con-boxed e-con e-parent\" data-id=\"0147e7f\" data-element_type=\"container\" data-e-type=\"container\">\n\t\t\t\t\t<div class=\"e-con-inner\">\n\t\t<div class=\"elementor-element elementor-element-8a6a2b7 e-con-full e-flex e-con e-child\" data-id=\"8a6a2b7\" data-element_type=\"container\" data-e-type=\"container\" data-settings=\"{&quot;background_background&quot;:&quot;classic&quot;}\">\n\t\t\t\t<div class=\"elementor-element elementor-element-cd6c6e6 elementor-widget elementor-widget-spacer\" data-id=\"cd6c6e6\" data-element_type=\"widget\" data-e-type=\"widget\" data-widget_type=\"spacer.default\">\n\t\t\t\t<div class=\"elementor-widget-container\">\n\t\t\t\t\t\t\t<div class=\"elementor-spacer\">\n\t\t\t<div class=\"elementor-spacer-inner\"><\/div>\n\t\t<\/div>\n\t\t\t\t\t\t<\/div>\n\t\t\t\t<\/div>\n\t\t\t\t<\/div>\n\t\t<div class=\"elementor-element elementor-element-bbeda7e e-con-full e-flex e-con e-child\" data-id=\"bbeda7e\" data-element_type=\"container\" data-e-type=\"container\">\n\t\t\t\t<div class=\"elementor-element elementor-element-39e2c82 elementor-widget elementor-widget-text-editor\" data-id=\"39e2c82\" data-element_type=\"widget\" data-e-type=\"widget\" data-widget_type=\"text-editor.default\">\n\t\t\t\t<div class=\"elementor-widget-container\">\n\t\t\t\t\t\t\t\t\t<div class=\"flex flex-grow flex-col max-w-full\"><div class=\"min-h-[20px] text-message flex w-full flex-col items-end gap-2 whitespace-pre-wrap break-words [.text-message+&amp;]:mt-5 overflow-x-auto\" dir=\"auto\" data-message-author-role=\"assistant\" data-message-id=\"d4ad2bdf-30b4-4e71-9a76-ddc4b06f4b77\"><div class=\"flex w-full flex-col gap-1 empty:hidden first:pt-[3px]\"><div class=\"markdown prose w-full break-words dark:prose-invert dark\"><p>SANTAS ITURRE cuenta con un equipo de t\u00e9cnicos profesionales que poseen una amplia trayectoria de m\u00e1s de 25 a\u00f1os en el mundo de la construcci\u00f3n. Nuestro compromiso es brindar asesoramiento experto a promotores y constructores, garantizando que cada proyecto se gestione con la m\u00e1xima eficiencia y calidad.<\/p><p>Nos esforzamos por optimizar la relaci\u00f3n calidad-precio en cada obra, asegurando que los resultados cumplan con las expectativas m\u00e1s exigentes de nuestros clientes. En SANTAS ITURRE, su satisfacci\u00f3n es nuestra prioridad, y trabajamos de la mano con usted para lograr los mejores resultados en cada proyecto.<\/p><\/div><\/div><\/div><\/div>\t\t\t\t\t\t\t\t<\/div>\n\t\t\t\t<\/div>\n\t\t\t\t<\/div>\n\t\t\t\t\t<\/div>\n\t\t\t\t<\/div>\n\t\t\t\t<\/div>\n\t\t","protected":false},"excerpt":{"rendered":"<p>SANTAS ITURRE Sobre Nosotros SANTAS ITURRE cuenta con un equipo de t\u00e9cnicos profesionales que poseen una amplia trayectoria de m\u00e1s de 25 a\u00f1os en el mundo de la construcci\u00f3n. Nuestro compromiso es brindar asesoramiento experto a promotores y constructores, garantizando que cada proyecto se gestione con la m\u00e1xima eficiencia y calidad. Nos esforzamos por optimizar [&hellip;]<\/p>\n","protected":false},"author":1,"featured_media":0,"parent":0,"menu_order":0,"comment_status":"closed","ping_status":"closed","template":"","meta":{"footnotes":""},"class_list":["post-2","page","type-page","status-publish","hentry"],"yoast_head":"<!-- This site is optimized with the Yoast SEO plugin v27.5 - https:\/\/yoast.com\/product\/yoast-seo-wordpress\/ -->\n<title>Empresa - SANTAS ITURRE GESTION DE OBRAS<\/title>\n<meta name=\"robots\" content=\"index, follow, max-snippet:-1, max-image-preview:large, max-video-preview:-1\" \/>\n<link rel=\"canonical\" href=\"https:\/\/santasiturre.com\/eu\/\" \/>\n<meta property=\"og:locale\" content=\"en_US\" \/>\n<meta property=\"og:type\" content=\"article\" \/>\n<meta property=\"og:title\" content=\"Empresa - SANTAS ITURRE GESTION DE OBRAS\" \/>\n<meta property=\"og:description\" content=\"SANTAS ITURRE Sobre Nosotros SANTAS ITURRE cuenta con un equipo de t\u00e9cnicos profesionales que poseen una amplia trayectoria de m\u00e1s de 25 a\u00f1os en el mundo de la construcci\u00f3n. Nuestro compromiso es brindar asesoramiento experto a promotores y constructores, garantizando que cada proyecto se gestione con la m\u00e1xima eficiencia y calidad. Nos esforzamos por optimizar [&hellip;]\" \/>\n<meta property=\"og:url\" content=\"https:\/\/santasiturre.com\/eu\/\" \/>\n<meta property=\"og:site_name\" content=\"SANTAS ITURRE GESTION DE OBRAS\" \/>\n<meta property=\"article:modified_time\" content=\"2024-07-26T07:57:48+00:00\" \/>\n<meta property=\"og:image\" content=\"https:\/\/santasiturre.com\/wp-content\/uploads\/2024\/07\/photo-construction-site-engineers-workers-labors-scaled.jpg\" \/>\n<meta name=\"twitter:card\" content=\"summary_large_image\" \/>\n<meta name=\"twitter:label1\" content=\"Est. reading time\" \/>\n\t<meta name=\"twitter:data1\" content=\"2 minutua\" \/>\n<script type=\"application\/ld+json\" class=\"yoast-schema-graph\">{\"@context\":\"https:\\\/\\\/schema.org\",\"@graph\":[{\"@type\":\"WebPage\",\"@id\":\"https:\\\/\\\/santasiturre.com\\\/\",\"url\":\"https:\\\/\\\/santasiturre.com\\\/\",\"name\":\"Empresa - SANTAS ITURRE GESTION DE OBRAS\",\"isPartOf\":{\"@id\":\"https:\\\/\\\/santasiturre.com\\\/#website\"},\"primaryImageOfPage\":{\"@id\":\"https:\\\/\\\/santasiturre.com\\\/#primaryimage\"},\"image\":{\"@id\":\"https:\\\/\\\/santasiturre.com\\\/#primaryimage\"},\"thumbnailUrl\":\"https:\\\/\\\/santasiturre.com\\\/wp-content\\\/uploads\\\/2024\\\/07\\\/photo-construction-site-engineers-workers-labors-scaled.jpg\",\"datePublished\":\"2024-07-23T11:43:19+00:00\",\"dateModified\":\"2024-07-26T07:57:48+00:00\",\"breadcrumb\":{\"@id\":\"https:\\\/\\\/santasiturre.com\\\/#breadcrumb\"},\"inLanguage\":\"eu\",\"potentialAction\":[{\"@type\":\"ReadAction\",\"target\":[\"https:\\\/\\\/santasiturre.com\\\/\"]}]},{\"@type\":\"ImageObject\",\"inLanguage\":\"eu\",\"@id\":\"https:\\\/\\\/santasiturre.com\\\/#primaryimage\",\"url\":\"https:\\\/\\\/santasiturre.com\\\/wp-content\\\/uploads\\\/2024\\\/07\\\/photo-construction-site-engineers-workers-labors-scaled.jpg\",\"contentUrl\":\"https:\\\/\\\/santasiturre.com\\\/wp-content\\\/uploads\\\/2024\\\/07\\\/photo-construction-site-engineers-workers-labors-scaled.jpg\"},{\"@type\":\"BreadcrumbList\",\"@id\":\"https:\\\/\\\/santasiturre.com\\\/#breadcrumb\",\"itemListElement\":[{\"@type\":\"ListItem\",\"position\":1,\"name\":\"Portada\",\"item\":\"https:\\\/\\\/santasiturre.com\\\/\"},{\"@type\":\"ListItem\",\"position\":2,\"name\":\"Empresa\"}]},{\"@type\":\"WebSite\",\"@id\":\"https:\\\/\\\/santasiturre.com\\\/#website\",\"url\":\"https:\\\/\\\/santasiturre.com\\\/\",\"name\":\"SANTAS ITURRE GESTION DE OBRAS\",\"description\":\"\",\"publisher\":{\"@id\":\"https:\\\/\\\/santasiturre.com\\\/#organization\"},\"potentialAction\":[{\"@type\":\"SearchAction\",\"target\":{\"@type\":\"EntryPoint\",\"urlTemplate\":\"https:\\\/\\\/santasiturre.com\\\/?s={search_term_string}\"},\"query-input\":{\"@type\":\"PropertyValueSpecification\",\"valueRequired\":true,\"valueName\":\"search_term_string\"}}],\"inLanguage\":\"eu\"},{\"@type\":\"Organization\",\"@id\":\"https:\\\/\\\/santasiturre.com\\\/#organization\",\"name\":\"SANTAS ITURRE GESTION DE OBRAS\",\"url\":\"https:\\\/\\\/santasiturre.com\\\/\",\"logo\":{\"@type\":\"ImageObject\",\"inLanguage\":\"eu\",\"@id\":\"https:\\\/\\\/santasiturre.com\\\/#\\\/schema\\\/logo\\\/image\\\/\",\"url\":\"https:\\\/\\\/santasiturre.com\\\/wp-content\\\/uploads\\\/2024\\\/07\\\/cropped-Logo_Mesa-de-trabajo-1.png\",\"contentUrl\":\"https:\\\/\\\/santasiturre.com\\\/wp-content\\\/uploads\\\/2024\\\/07\\\/cropped-Logo_Mesa-de-trabajo-1.png\",\"width\":958,\"height\":1080,\"caption\":\"SANTAS ITURRE GESTION DE OBRAS\"},\"image\":{\"@id\":\"https:\\\/\\\/santasiturre.com\\\/#\\\/schema\\\/logo\\\/image\\\/\"}}]}<\/script>\n<!-- \/ Yoast SEO plugin. -->","yoast_head_json":{"title":"Empresa - SANTAS ITURRE GESTION DE OBRAS","robots":{"index":"index","follow":"follow","max-snippet":"max-snippet:-1","max-image-preview":"max-image-preview:large","max-video-preview":"max-video-preview:-1"},"canonical":"https:\/\/santasiturre.com\/eu\/","og_locale":"en_US","og_type":"article","og_title":"Empresa - SANTAS ITURRE GESTION DE OBRAS","og_description":"SANTAS ITURRE Sobre Nosotros SANTAS ITURRE cuenta con un equipo de t\u00e9cnicos profesionales que poseen una amplia trayectoria de m\u00e1s de 25 a\u00f1os en el mundo de la construcci\u00f3n. Nuestro compromiso es brindar asesoramiento experto a promotores y constructores, garantizando que cada proyecto se gestione con la m\u00e1xima eficiencia y calidad. Nos esforzamos por optimizar [&hellip;]","og_url":"https:\/\/santasiturre.com\/eu\/","og_site_name":"SANTAS ITURRE GESTION DE OBRAS","article_modified_time":"2024-07-26T07:57:48+00:00","og_image":[{"url":"https:\/\/santasiturre.com\/wp-content\/uploads\/2024\/07\/photo-construction-site-engineers-workers-labors-scaled.jpg","type":"","width":"","height":""}],"twitter_card":"summary_large_image","twitter_misc":{"Est. reading time":"2 minutua"},"schema":{"@context":"https:\/\/schema.org","@graph":[{"@type":"WebPage","@id":"https:\/\/santasiturre.com\/","url":"https:\/\/santasiturre.com\/","name":"Empresa - SANTAS ITURRE GESTION DE OBRAS","isPartOf":{"@id":"https:\/\/santasiturre.com\/#website"},"primaryImageOfPage":{"@id":"https:\/\/santasiturre.com\/#primaryimage"},"image":{"@id":"https:\/\/santasiturre.com\/#primaryimage"},"thumbnailUrl":"https:\/\/santasiturre.com\/wp-content\/uploads\/2024\/07\/photo-construction-site-engineers-workers-labors-scaled.jpg","datePublished":"2024-07-23T11:43:19+00:00","dateModified":"2024-07-26T07:57:48+00:00","breadcrumb":{"@id":"https:\/\/santasiturre.com\/#breadcrumb"},"inLanguage":"eu","potentialAction":[{"@type":"ReadAction","target":["https:\/\/santasiturre.com\/"]}]},{"@type":"ImageObject","inLanguage":"eu","@id":"https:\/\/santasiturre.com\/#primaryimage","url":"https:\/\/santasiturre.com\/wp-content\/uploads\/2024\/07\/photo-construction-site-engineers-workers-labors-scaled.jpg","contentUrl":"https:\/\/santasiturre.com\/wp-content\/uploads\/2024\/07\/photo-construction-site-engineers-workers-labors-scaled.jpg"},{"@type":"BreadcrumbList","@id":"https:\/\/santasiturre.com\/#breadcrumb","itemListElement":[{"@type":"ListItem","position":1,"name":"Portada","item":"https:\/\/santasiturre.com\/"},{"@type":"ListItem","position":2,"name":"Empresa"}]},{"@type":"WebSite","@id":"https:\/\/santasiturre.com\/#website","url":"https:\/\/santasiturre.com\/","name":"SANTAS ITURRE GESTION DE OBRAS","description":"","publisher":{"@id":"https:\/\/santasiturre.com\/#organization"},"potentialAction":[{"@type":"SearchAction","target":{"@type":"EntryPoint","urlTemplate":"https:\/\/santasiturre.com\/?s={search_term_string}"},"query-input":{"@type":"PropertyValueSpecification","valueRequired":true,"valueName":"search_term_string"}}],"inLanguage":"eu"},{"@type":"Organization","@id":"https:\/\/santasiturre.com\/#organization","name":"SANTAS ITURRE GESTION DE OBRAS","url":"https:\/\/santasiturre.com\/","logo":{"@type":"ImageObject","inLanguage":"eu","@id":"https:\/\/santasiturre.com\/#\/schema\/logo\/image\/","url":"https:\/\/santasiturre.com\/wp-content\/uploads\/2024\/07\/cropped-Logo_Mesa-de-trabajo-1.png","contentUrl":"https:\/\/santasiturre.com\/wp-content\/uploads\/2024\/07\/cropped-Logo_Mesa-de-trabajo-1.png","width":958,"height":1080,"caption":"SANTAS ITURRE GESTION DE OBRAS"},"image":{"@id":"https:\/\/santasiturre.com\/#\/schema\/logo\/image\/"}}]}},"_links":{"self":[{"href":"https:\/\/santasiturre.com\/eu\/wp-json\/wp\/v2\/pages\/2","targetHints":{"allow":["GET"]}}],"collection":[{"href":"https:\/\/santasiturre.com\/eu\/wp-json\/wp\/v2\/pages"}],"about":[{"href":"https:\/\/santasiturre.com\/eu\/wp-json\/wp\/v2\/types\/page"}],"author":[{"embeddable":true,"href":"https:\/\/santasiturre.com\/eu\/wp-json\/wp\/v2\/users\/1"}],"replies":[{"embeddable":true,"href":"https:\/\/santasiturre.com\/eu\/wp-json\/wp\/v2\/comments?post=2"}],"version-history":[{"count":59,"href":"https:\/\/santasiturre.com\/eu\/wp-json\/wp\/v2\/pages\/2\/revisions"}],"predecessor-version":[{"id":403,"href":"https:\/\/santasiturre.com\/eu\/wp-json\/wp\/v2\/pages\/2\/revisions\/403"}],"wp:attachment":[{"href":"https:\/\/santasiturre.com\/eu\/wp-json\/wp\/v2\/media?parent=2"}],"curies":[{"name":"wp","href":"https:\/\/api.w.org\/{rel}","templated":true}]}}